{"id":882,"date":"2024-07-22T13:08:39","date_gmt":"2024-07-22T13:08:39","guid":{"rendered":"https:\/\/www.ffksb.at\/wordpress\/?page_id=882"},"modified":"2024-10-11T08:50:40","modified_gmt":"2024-10-11T08:50:40","slug":"impressum","status":"publish","type":"page","link":"http:\/\/www.ffksb.at\/wordpress\/impressum\/","title":{"rendered":"Impressum"},"content":{"rendered":"<p>Dachverband der Fr\u00fchf\u00f6rderInnen f\u00fcr Kinder mit Sehbehinderung oder Blindheit<br \/>\n8053 Graz<\/p>\n","protected":false},"excerpt":{"rendered":"<p>Dachverband der Fr\u00fchf\u00f6rderInnen f\u00fcr Kinder mit Sehbehinderung oder Blindheit 8053 Graz<\/p>\n","protected":false},"author":6,"featured_media":0,"parent":0,"menu_order":0,"comment_status":"closed","ping_status":"closed","template":"","meta":{"site-sidebar-layout":"default","site-content-layout":"","ast-site-content-layout":"default","site-content-style":"default","site-sidebar-style":"default","ast-global-header-display":"","ast-banner-title-visibility":"","ast-main-header-display":"","ast-hfb-above-header-display":"","ast-hfb-below-header-display":"","ast-hfb-mobile-header-display":"","site-post-title":"","ast-breadcrumbs-content":"","ast-featured-img":"","footer-sml-layout":"","theme-transparent-header-meta":"","adv-header-id-meta":"","stick-header-meta":"","header-above-stick-meta":"","header-main-stick-meta":"","header-below-stick-meta":"","astra-migrate-meta-layouts":"default","ast-page-background-enabled":"default","ast-page-background-meta":{"desktop":{"background-color":"var(--ast-global-color-4)","background-image":"","background-repeat":"repeat","background-position":"center center","background-size":"auto","background-attachment":"scroll","background-type":"","background-media":"","overlay-type":"","overlay-color":"","overlay-opacity":"","overlay-gradient":""},"tablet":{"background-color":"","background-image":"","background-repeat":"repeat","background-position":"center center","background-size":"auto","background-attachment":"scroll","background-type":"","background-media":"","overlay-type":"","overlay-color":"","overlay-opacity":"","overlay-gradient":""},"mobile":{"background-color":"","background-image":"","background-repeat":"repeat","background-position":"center center","background-size":"auto","background-attachment":"scroll","background-type":"","background-media":"","overlay-type":"","overlay-color":"","overlay-opacity":"","overlay-gradient":""}},"ast-content-background-meta":{"desktop":{"background-color":"var(--ast-global-color-5)","background-image":"","background-repeat":"repeat","background-position":"center center","background-size":"auto","background-attachment":"scroll","background-type":"","background-media":"","overlay-type":"","overlay-color":"","overlay-opacity":"","overlay-gradient":""},"tablet":{"background-color":"var(--ast-global-color-5)","background-image":"","background-repeat":"repeat","background-position":"center center","background-size":"auto","background-attachment":"scroll","background-type":"","background-media":"","overlay-type":"","overlay-color":"","overlay-opacity":"","overlay-gradient":""},"mobile":{"background-color":"var(--ast-global-color-5)","background-image":"","background-repeat":"repeat","background-position":"center center","background-size":"auto","background-attachment":"scroll","background-type":"","background-media":"","overlay-type":"","overlay-color":"","overlay-opacity":"","overlay-gradient":""}},"footnotes":""},"class_list":["post-882","page","type-page","status-publish","hentry"],"_links":{"self":[{"href":"http:\/\/www.ffksb.at\/wordpress\/wp-json\/wp\/v2\/pages\/882","targetHints":{"allow":["GET"]}}],"collection":[{"href":"http:\/\/www.ffksb.at\/wordpress\/wp-json\/wp\/v2\/pages"}],"about":[{"href":"http:\/\/www.ffksb.at\/wordpress\/wp-json\/wp\/v2\/types\/page"}],"author":[{"embeddable":true,"href":"http:\/\/www.ffksb.at\/wordpress\/wp-json\/wp\/v2\/users\/6"}],"replies":[{"embeddable":true,"href":"http:\/\/www.ffksb.at\/wordpress\/wp-json\/wp\/v2\/comments?post=882"}],"version-history":[{"count":3,"href":"http:\/\/www.ffksb.at\/wordpress\/wp-json\/wp\/v2\/pages\/882\/revisions"}],"predecessor-version":[{"id":949,"href":"http:\/\/www.ffksb.at\/wordpress\/wp-json\/wp\/v2\/pages\/882\/revisions\/949"}],"wp:attachment":[{"href":"http:\/\/www.ffksb.at\/wordpress\/wp-json\/wp\/v2\/media?parent=882"}],"curies":[{"name":"wp","href":"https:\/\/api.w.org\/{rel}","templated":true}]}}