{"id":67,"date":"2011-05-30T13:15:10","date_gmt":"2011-05-30T13:15:10","guid":{"rendered":"http:\/\/www.ffksb.at\/wordpress\/?page_id=67"},"modified":"2024-10-11T15:20:59","modified_gmt":"2024-10-11T15:20:59","slug":"dachverband","status":"publish","type":"page","link":"http:\/\/www.ffksb.at\/wordpress\/dachverband\/","title":{"rendered":"Dachverband"},"content":{"rendered":"\n<h2 class=\"wp-block-heading has-ast-global-color-0-color has-text-color has-link-color wp-elements-f32e22431b1abbf796110de897fdd93c\" style=\"margin-top:50px;margin-bottom:10px\">Dachverband<\/h2>\n\n\n<p><strong>Vereinszweck<br \/><\/strong>Zusammenschluss von Fachleuten f\u00fcr Kinder mit Sehbehinderung oder Blindheit zur gegenseitigen St\u00e4rkung, Hilfe und Erfahrungsaustausch.<br \/>Der Dachverband dient den P\u00e4dagogischen Fachkr\u00e4ften, dem Kind mit Sehbehinderung oder Blindheit und dessen Familie.<\/p>\n<p><strong>Ziele und Aufgaben<\/strong><\/p>\n<ul>\n<li>Interessensvertretung f\u00fcr Fr\u00fchf\u00f6rderinnen und Fr\u00fchf\u00f6rderer f\u00fcr Kinder mit Sehbehinderung oder Blindheit. Der Dachverband vertritt die berufspolitischen Interessen der P\u00e4dagogInnen, hinsichtlich<\/li>\n<\/ul>\n<p style=\"padding-left: 60px;\">&#8211;\u00a0\u00a0 Arbeitsbedingungen<br \/>&#8211;\u00a0\u00a0 Verdienst<br \/>&#8211;\u00a0\u00a0 Weitere Rahmenbedingungen<\/p>\n<ul>\n<li>Er setzt sich f\u00fcr die Arbeitsbedingungen ein, die es erm\u00f6glichen, dass die Fachkraft gut und lange in dem Arbeitsfeld t\u00e4tig sein kann. Beispiele: Supervision, Burnout Prophylaxe.<\/li>\n<\/ul>\n<ul>\n<li>Der Dachverband ist eine Plattform zur Vernetzung der Fr\u00fchf\u00f6rderstellen und der Fachkr\u00e4fte in der Fr\u00fchf\u00f6rderung untereinander mit den Aufgaben:<\/li>\n<\/ul>\n<p style=\"padding-left: 60px;\">&#8211;\u00a0\u00a0 St\u00e4rkung der Berufsidentit\u00e4t<br \/>&#8211;\u00a0\u00a0 St\u00e4rkung des Berufsbildes in der Fachwelt<br \/>&#8211;\u00a0\u00a0 Synergien zu nutzen<br \/>&#8211;\u00a0\u00a0 Erarbeiten von Stellungnahmen<br \/>&#8211;\u00a0\u00a0 Fachlicher Austausch<br \/>&#8211;\u00a0\u00a0 Inhaltliche Weiterentwicklung des Arbeitsfeldes<br \/>&#8211;\u00a0\u00a0 Gemeinsame Vortr\u00e4ge und Fortbildung<\/p>\n<ul>\n<li>Der Dachverband steht f\u00fcr den Erhalt und Weiterentwicklung des spezifischen Angebotes von Fr\u00fchf\u00f6rderstellen f\u00fcr Kinder mit Sehbehinderung oder Blindheit.<\/li>\n<\/ul>\n<ul>\n<li>Der Dachverband ist gemeinsam mit dem Institut f\u00fcr Sozialp\u00e4dagogik Stams Tr\u00e4ger der \u00f6sterreichweiten Fachweiterbildung zur Fr\u00fchf\u00f6rderIn f\u00fcr Kinder mit Sehbehinderung oder Blindheit. Die 3-j\u00e4hrige Fachweiterbildung ist berufsbegleitend und findet in Modulen an unterschiedlichen Tagungsorten im Bundesgebiet statt.<\/li>\n<\/ul>\n<ul>\n<li>Der Dachverband initiiert und organisiert Fortbildungen.<\/li>\n<\/ul>\n<ul>\n<li>Der Dachverband vernetzt sich international mit weiteren spezifischen Berufsverb\u00e4nden.<\/li>\n<\/ul>\n<p><a href=\"http:\/\/www.ffksb.at\/wordpress\/waepae-kountent\/uploads\/2011\/05\/Entstehungsgeschichte.pdf\">Entstehungsgeschichte.pdf<\/a><\/p>\n<p><a href=\"http:\/\/www.ffksb.at\/wordpress\/waepae-kountent\/uploads\/2024\/10\/03_Chronik_2024.pdf\">Chronik.pdf<\/a><\/p>\n<p><a href=\"http:\/\/www.ffksb.at\/wordpress\/waepae-kountent\/uploads\/2024\/10\/04_Anhang-zur-Chronik_2024.pdf\">Anhang zur Chronik.pdf<\/a><\/p>","protected":false},"excerpt":{"rendered":"<p>Dachverband VereinszweckZusammenschluss von Fachleuten f\u00fcr Kinder mit Sehbehinderung oder Blindheit zur gegenseitigen St\u00e4rkung, Hilfe und Erfahrungsaustausch.Der Dachverband dient den P\u00e4dagogischen [&hellip;]<\/p>\n","protected":false},"author":5,"featured_media":0,"parent":0,"menu_order":0,"comment_status":"closed","ping_status":"closed","template":"","meta":{"site-sidebar-layout":"default","site-content-layout":"","ast-site-content-layout":"default","site-content-style":"default","site-sidebar-style":"default","ast-global-header-display":"","ast-banner-title-visibility":"","ast-main-header-display":"","ast-hfb-above-header-display":"","ast-hfb-below-header-display":"","ast-hfb-mobile-header-display":"","site-post-title":"disabled","ast-breadcrumbs-content":"","ast-featured-img":"","footer-sml-layout":"","theme-transparent-header-meta":"","adv-header-id-meta":"","stick-header-meta":"","header-above-stick-meta":"","header-main-stick-meta":"","header-below-stick-meta":"","astra-migrate-meta-layouts":"default","ast-page-background-enabled":"default","ast-page-background-meta":{"desktop":{"background-color":"var(--ast-global-color-4)","background-image":"","background-repeat":"repeat","background-position":"center center","background-size":"auto","background-attachment":"scroll","background-type":"","background-media":"","overlay-type":"","overlay-color":"","overlay-opacity":"","overlay-gradient":""},"tablet":{"background-color":"","background-image":"","background-repeat":"repeat","background-position":"center center","background-size":"auto","background-attachment":"scroll","background-type":"","background-media":"","overlay-type":"","overlay-color":"","overlay-opacity":"","overlay-gradient":""},"mobile":{"background-color":"","background-image":"","background-repeat":"repeat","background-position":"center center","background-size":"auto","background-attachment":"scroll","background-type":"","background-media":"","overlay-type":"","overlay-color":"","overlay-opacity":"","overlay-gradient":""}},"ast-content-background-meta":{"desktop":{"background-color":"var(--ast-global-color-5)","background-image":"","background-repeat":"repeat","background-position":"center center","background-size":"auto","background-attachment":"scroll","background-type":"","background-media":"","overlay-type":"","overlay-color":"","overlay-opacity":"","overlay-gradient":""},"tablet":{"background-color":"var(--ast-global-color-5)","background-image":"","background-repeat":"repeat","background-position":"center center","background-size":"auto","background-attachment":"scroll","background-type":"","background-media":"","overlay-type":"","overlay-color":"","overlay-opacity":"","overlay-gradient":""},"mobile":{"background-color":"var(--ast-global-color-5)","background-image":"","background-repeat":"repeat","background-position":"center center","background-size":"auto","background-attachment":"scroll","background-type":"","background-media":"","overlay-type":"","overlay-color":"","overlay-opacity":"","overlay-gradient":""}},"footnotes":""},"class_list":["post-67","page","type-page","status-publish","hentry"],"_links":{"self":[{"href":"http:\/\/www.ffksb.at\/wordpress\/wp-json\/wp\/v2\/pages\/67","targetHints":{"allow":["GET"]}}],"collection":[{"href":"http:\/\/www.ffksb.at\/wordpress\/wp-json\/wp\/v2\/pages"}],"about":[{"href":"http:\/\/www.ffksb.at\/wordpress\/wp-json\/wp\/v2\/types\/page"}],"author":[{"embeddable":true,"href":"http:\/\/www.ffksb.at\/wordpress\/wp-json\/wp\/v2\/users\/5"}],"replies":[{"embeddable":true,"href":"http:\/\/www.ffksb.at\/wordpress\/wp-json\/wp\/v2\/comments?post=67"}],"version-history":[{"count":40,"href":"http:\/\/www.ffksb.at\/wordpress\/wp-json\/wp\/v2\/pages\/67\/revisions"}],"predecessor-version":[{"id":970,"href":"http:\/\/www.ffksb.at\/wordpress\/wp-json\/wp\/v2\/pages\/67\/revisions\/970"}],"wp:attachment":[{"href":"http:\/\/www.ffksb.at\/wordpress\/wp-json\/wp\/v2\/media?parent=67"}],"curies":[{"name":"wp","href":"https:\/\/api.w.org\/{rel}","templated":true}]}}