{"id":65,"date":"2011-05-30T13:14:41","date_gmt":"2011-05-30T13:14:41","guid":{"rendered":"http:\/\/www.ffksb.at\/wordpress\/?page_id=65"},"modified":"2024-10-11T13:54:46","modified_gmt":"2024-10-11T13:54:46","slug":"vorstand","status":"publish","type":"page","link":"http:\/\/www.ffksb.at\/wordpress\/vorstand\/","title":{"rendered":"Vorstand"},"content":{"rendered":"\n<h2 class=\"wp-block-heading has-ast-global-color-0-color has-text-color has-link-color wp-elements-e64fe923bdf7bea3f6ab01d7252c311e\" style=\"margin-top:50px\">Vorstand<\/h2>\n\n\n\n<div class=\"wp-block-columns is-layout-flex wp-container-core-columns-is-layout-28f84493 wp-block-columns-is-layout-flex\">\n<div class=\"wp-block-column is-layout-flow wp-block-column-is-layout-flow\" style=\"flex-basis:150px\">\n<figure class=\"wp-block-image size-full\"><a href=\"http:\/\/www.ffksb.at\/wordpress\/waepae-kountent\/uploads\/2024\/03\/Angelika-Goeschl_Obfrau-Stv.jpg\"><img loading=\"lazy\" decoding=\"async\" width=\"385\" height=\"515\" src=\"http:\/\/www.ffksb.at\/wordpress\/waepae-kountent\/uploads\/2024\/03\/Angelika-Goeschl_Obfrau-Stv.jpg\" alt=\"\" class=\"wp-image-829\" srcset=\"http:\/\/www.ffksb.at\/wordpress\/waepae-kountent\/uploads\/2024\/03\/Angelika-Goeschl_Obfrau-Stv.jpg 385w, http:\/\/www.ffksb.at\/wordpress\/waepae-kountent\/uploads\/2024\/03\/Angelika-Goeschl_Obfrau-Stv-224x300.jpg 224w\" sizes=\"auto, (max-width: 385px) 100vw, 385px\" \/><\/a><\/figure>\n<\/div>\n\n\n\n<div class=\"wp-block-column is-layout-flow wp-block-column-is-layout-flow\">\n<h2 class=\"wp-block-heading has-ast-global-color-0-color has-text-color has-link-color has-medium-font-size wp-elements-d315f612ccb9145017f17fbb23cffc63\" style=\"margin-top:0px;margin-bottom:0px\"><strong>Angelika G\u00f6schl<\/strong><\/h2>\n\n\n\n<p><strong>Obfrau<\/strong><br>Odilien-Institut Gmbh<br>Leonhardstra\u00dfe 130<br>8010 Graz<\/p>\n<\/div>\n\n\n\n<div class=\"wp-block-column is-layout-flow wp-block-column-is-layout-flow\" style=\"flex-basis:150px\">\n<figure class=\"wp-block-image alignleft size-full is-resized\"><a href=\"http:\/\/www.ffksb.at\/wordpress\/waepae-kountent\/uploads\/2020\/11\/Martina-Gruber_Obfrau-e1604665675568.png\"><img loading=\"lazy\" decoding=\"async\" width=\"150\" height=\"200\" src=\"http:\/\/www.ffksb.at\/wordpress\/waepae-kountent\/uploads\/2020\/11\/Martina-Gruber_Obfrau-e1604665675568.png\" alt=\"\" class=\"wp-image-659\" style=\"width:150px\"\/><\/a><\/figure>\n<\/div>\n\n\n\n<div class=\"wp-block-column is-layout-flow wp-block-column-is-layout-flow\">\n<h2 class=\"wp-block-heading has-ast-global-color-0-color has-text-color has-link-color has-medium-font-size wp-elements-a2432db5fc801852e598f7f1760f3ac5\" style=\"margin-top:0px;margin-bottom:0px\"><strong>Martina Gruber<\/strong><\/h2>\n\n\n\n<p><strong>Obfraustellvertreterin<\/strong><br>Verein Contrast<br>Wittelsbachstra\u00dfe 5<br>1020 Wien<\/p>\n<\/div>\n<\/div>\n\n\n\n<div class=\"wp-block-columns is-layout-flex wp-container-core-columns-is-layout-28f84493 wp-block-columns-is-layout-flex\">\n<div class=\"wp-block-column is-layout-flow wp-block-column-is-layout-flow\" style=\"flex-basis:150px\">\n<figure class=\"wp-block-image alignleft size-full is-resized\"><a href=\"http:\/\/www.ffksb.at\/wordpress\/waepae-kountent\/uploads\/2016\/12\/Michaela-Enn\u00f6ckl_ObfrauStv.jpg\"><img loading=\"lazy\" decoding=\"async\" width=\"299\" height=\"448\" src=\"http:\/\/www.ffksb.at\/wordpress\/waepae-kountent\/uploads\/2016\/12\/Michaela-Enn\u00f6ckl_ObfrauStv.jpg\" alt=\"\" class=\"wp-image-573\" style=\"box-shadow:none;width:150px\"\/><\/a><\/figure>\n<\/div>\n\n\n\n<div class=\"wp-block-column is-layout-flow wp-block-column-is-layout-flow\">\n<h2 class=\"wp-block-heading has-ast-global-color-0-color has-text-color has-link-color has-medium-font-size wp-elements-b54a13760e20967846d1f1654709bc13\" style=\"margin-top:0px;margin-bottom:0px\"><strong>Michaela Enn\u00f6ckl<\/strong><\/h2>\n\n\n\n<p><strong>Schriftf\u00fchrerin<br><\/strong>Verein Contrast<br>Wittelsbachstra\u00dfe 5<br>1020 Wien<\/p>\n<\/div>\n\n\n\n<div class=\"wp-block-column is-layout-flow wp-block-column-is-layout-flow\" style=\"flex-basis:150px\">\n<figure class=\"wp-block-image alignleft size-full is-resized\"><a href=\"http:\/\/www.ffksb.at\/wordpress\/waepae-kountent\/uploads\/2022\/04\/Gottfried-Hauser.jpg\"><img loading=\"lazy\" decoding=\"async\" width=\"742\" height=\"1087\" src=\"http:\/\/www.ffksb.at\/wordpress\/waepae-kountent\/uploads\/2022\/04\/Gottfried-Hauser.jpg\" alt=\"\" class=\"wp-image-746\" style=\"box-shadow:none;width:150px\" srcset=\"http:\/\/www.ffksb.at\/wordpress\/waepae-kountent\/uploads\/2022\/04\/Gottfried-Hauser.jpg 742w, http:\/\/www.ffksb.at\/wordpress\/waepae-kountent\/uploads\/2022\/04\/Gottfried-Hauser-205x300.jpg 205w, http:\/\/www.ffksb.at\/wordpress\/waepae-kountent\/uploads\/2022\/04\/Gottfried-Hauser-699x1024.jpg 699w\" sizes=\"auto, (max-width: 742px) 100vw, 742px\" \/><\/a><\/figure>\n<\/div>\n\n\n\n<div class=\"wp-block-column is-layout-flow wp-block-column-is-layout-flow\">\n<h2 class=\"wp-block-heading has-ast-global-color-0-color has-text-color has-link-color has-medium-font-size wp-elements-d07c035260de03e873e1d22b7833c70d\" style=\"margin-top:0px;margin-bottom:0px\"><strong>Gottfried Hauser<\/strong><\/h2>\n\n\n\n<p><strong>Kassier<br><\/strong>Odilien-Institut Gmbh<br>Leonhardstra\u00dfe 130<br>8010 Graz<\/p>\n<\/div>\n<\/div>\n\n\n\n<div class=\"wp-block-columns is-layout-flex wp-container-core-columns-is-layout-28f84493 wp-block-columns-is-layout-flex\">\n<div class=\"wp-block-column is-layout-flow wp-block-column-is-layout-flow\" style=\"flex-basis:150px\">\n<figure class=\"wp-block-image alignleft size-full is-resized\"><a href=\"http:\/\/www.ffksb.at\/wordpress\/waepae-kountent\/uploads\/2022\/04\/Michaela-Doppler.jpg\"><img loading=\"lazy\" decoding=\"async\" width=\"524\" height=\"510\" src=\"http:\/\/www.ffksb.at\/wordpress\/waepae-kountent\/uploads\/2022\/04\/Michaela-Doppler.jpg\" alt=\"\" class=\"wp-image-748\" style=\"box-shadow:none;width:150px\" srcset=\"http:\/\/www.ffksb.at\/wordpress\/waepae-kountent\/uploads\/2022\/04\/Michaela-Doppler.jpg 524w, http:\/\/www.ffksb.at\/wordpress\/waepae-kountent\/uploads\/2022\/04\/Michaela-Doppler-300x292.jpg 300w\" sizes=\"auto, (max-width: 524px) 100vw, 524px\" \/><\/a><\/figure>\n<\/div>\n\n\n\n<div class=\"wp-block-column is-layout-flow wp-block-column-is-layout-flow\">\n<h2 class=\"wp-block-heading has-ast-global-color-0-color has-text-color has-link-color has-medium-font-size wp-elements-641316b5c491566ab46f6a1722dd02e4\" style=\"margin-top:0px;margin-bottom:0px\"><strong>Michaela Doppler<\/strong><\/h2>\n\n\n\n<p><strong>Beirat<br><\/strong>Landeszentrum f\u00fcr H\u00f6r- und Sehbildung<br><span lang=\"EN-GB\">Fr\u00fchf\u00f6rderung Sinne<\/span><br><span lang=\"EN-GB\">Gailenbachweg 3<\/span><br><span lang=\"EN-GB\">5020 Salzburg<\/span><\/p>\n<\/div>\n\n\n\n<div class=\"wp-block-column is-layout-flow wp-block-column-is-layout-flow\" style=\"flex-basis:150px\">\n<figure class=\"wp-block-image alignleft size-full is-resized\"><a href=\"http:\/\/www.ffksb.at\/wordpress\/waepae-kountent\/uploads\/2022\/04\/Katharina-Feichtner-Bramboeck.jpg\"><img loading=\"lazy\" decoding=\"async\" width=\"1153\" height=\"1328\" src=\"http:\/\/www.ffksb.at\/wordpress\/waepae-kountent\/uploads\/2022\/04\/Katharina-Feichtner-Bramboeck.jpg\" alt=\"\" class=\"wp-image-747\" style=\"box-shadow:none;width:150px\" srcset=\"http:\/\/www.ffksb.at\/wordpress\/waepae-kountent\/uploads\/2022\/04\/Katharina-Feichtner-Bramboeck.jpg 1153w, http:\/\/www.ffksb.at\/wordpress\/waepae-kountent\/uploads\/2022\/04\/Katharina-Feichtner-Bramboeck-260x300.jpg 260w, http:\/\/www.ffksb.at\/wordpress\/waepae-kountent\/uploads\/2022\/04\/Katharina-Feichtner-Bramboeck-889x1024.jpg 889w, http:\/\/www.ffksb.at\/wordpress\/waepae-kountent\/uploads\/2022\/04\/Katharina-Feichtner-Bramboeck-768x885.jpg 768w\" sizes=\"auto, (max-width: 1153px) 100vw, 1153px\" \/><\/a><\/figure>\n<\/div>\n\n\n\n<div class=\"wp-block-column is-layout-flow wp-block-column-is-layout-flow\">\n<h2 class=\"wp-block-heading has-ast-global-color-0-color has-text-color has-link-color has-medium-font-size wp-elements-4c67498f17a82ffaaf3d564f0de131f9\" style=\"margin-top:0px;margin-bottom:0px\"><strong>Katharina-Feichtner-Bramboeck<\/strong><\/h2>\n\n\n\n<p><strong>Beirat<br><\/strong>Blinden- und Sehbehinderten-Verband Tirol<br>Amraserstra\u00dfe 87<br>6023 Innsbruck<\/p>\n<\/div>\n<\/div>\n\n\n\n<div class=\"wp-block-columns is-layout-flex wp-container-core-columns-is-layout-28f84493 wp-block-columns-is-layout-flex\">\n<div class=\"wp-block-column is-layout-flow wp-block-column-is-layout-flow\" style=\"flex-basis:150px\">\n<figure class=\"wp-block-image alignleft size-full is-resized\"><a href=\"http:\/\/www.ffksb.at\/wordpress\/waepae-kountent\/uploads\/2012\/01\/Maria-Gandler_.jpeg\"><img loading=\"lazy\" decoding=\"async\" width=\"545\" height=\"662\" src=\"http:\/\/www.ffksb.at\/wordpress\/waepae-kountent\/uploads\/2012\/01\/Maria-Gandler_.jpeg\" alt=\"\" class=\"wp-image-302\" style=\"box-shadow:none;width:150px\" srcset=\"http:\/\/www.ffksb.at\/wordpress\/waepae-kountent\/uploads\/2012\/01\/Maria-Gandler_.jpeg 545w, http:\/\/www.ffksb.at\/wordpress\/waepae-kountent\/uploads\/2012\/01\/Maria-Gandler_-246x300.jpg 246w\" sizes=\"auto, (max-width: 545px) 100vw, 545px\" \/><\/a><\/figure>\n<\/div>\n\n\n\n<div class=\"wp-block-column is-layout-flow wp-block-column-is-layout-flow\">\n<h2 class=\"wp-block-heading has-ast-global-color-0-color has-text-color has-link-color has-medium-font-size wp-elements-96953ccf1fac324215d88df6bc05f724\" style=\"margin-top:0px;margin-bottom:0px\"><strong>Maria Gandler<\/strong><\/h2>\n\n\n\n<p><strong>Beirat<br><\/strong>Blinden- und Sehbehinderten-Verband Tirol<br>Amraserstra\u00dfe 87<br>6023 Innsbruck<\/p>\n<\/div>\n\n\n\n<div class=\"wp-block-column is-layout-flow wp-block-column-is-layout-flow\" style=\"flex-basis:150px\">\n<figure class=\"wp-block-image alignleft size-full is-resized\"><a href=\"http:\/\/www.ffksb.at\/wordpress\/waepae-kountent\/uploads\/2011\/05\/Schneider-Sandra-_Obfrau_.jpg\"><img loading=\"lazy\" decoding=\"async\" width=\"298\" height=\"383\" src=\"http:\/\/www.ffksb.at\/wordpress\/waepae-kountent\/uploads\/2011\/05\/Schneider-Sandra-_Obfrau_.jpg\" alt=\"\" class=\"wp-image-509\" style=\"box-shadow:none;width:150px\" srcset=\"http:\/\/www.ffksb.at\/wordpress\/waepae-kountent\/uploads\/2011\/05\/Schneider-Sandra-_Obfrau_.jpg 298w, http:\/\/www.ffksb.at\/wordpress\/waepae-kountent\/uploads\/2011\/05\/Schneider-Sandra-_Obfrau_-233x300.jpg 233w\" sizes=\"auto, (max-width: 298px) 100vw, 298px\" \/><\/a><\/figure>\n<\/div>\n\n\n\n<div class=\"wp-block-column is-layout-flow wp-block-column-is-layout-flow\">\n<h2 class=\"wp-block-heading has-ast-global-color-0-color has-text-color has-link-color has-medium-font-size wp-elements-477cddd0d180a8206b25e438c482af58\" style=\"margin-top:0px;margin-bottom:0px\"><strong>Sandra Schneider<\/strong><\/h2>\n\n\n\n<p><strong>Beirat<br><\/strong>Konventhospital\/Sehfr\u00fchf\u00f6rderzentrum<br>Seilerst\u00e4tte 2<br>4020 Linz<\/p>\n<\/div>\n<\/div>\n\n\n\n<div class=\"wp-block-columns is-layout-flex wp-container-core-columns-is-layout-28f84493 wp-block-columns-is-layout-flex\">\n<div class=\"wp-block-column is-layout-flow wp-block-column-is-layout-flow\" style=\"flex-basis:150px\">\n<figure class=\"wp-block-image alignleft size-full is-resized\"><a href=\"http:\/\/www.ffksb.at\/wordpress\/waepae-kountent\/uploads\/2024\/03\/Martina-Poellmann_Beirat.jpg\"><img loading=\"lazy\" decoding=\"async\" width=\"559\" height=\"840\" src=\"http:\/\/www.ffksb.at\/wordpress\/waepae-kountent\/uploads\/2024\/03\/Martina-Poellmann_Beirat.jpg\" alt=\"\" class=\"wp-image-830\" style=\"box-shadow:none;width:150px\" srcset=\"http:\/\/www.ffksb.at\/wordpress\/waepae-kountent\/uploads\/2024\/03\/Martina-Poellmann_Beirat.jpg 559w, http:\/\/www.ffksb.at\/wordpress\/waepae-kountent\/uploads\/2024\/03\/Martina-Poellmann_Beirat-200x300.jpg 200w\" sizes=\"auto, (max-width: 559px) 100vw, 559px\" \/><\/a><\/figure>\n<\/div>\n\n\n\n<div class=\"wp-block-column is-layout-flow wp-block-column-is-layout-flow\">\n<h2 class=\"wp-block-heading has-ast-global-color-0-color has-text-color has-link-color has-medium-font-size wp-elements-4c9f6e4448eefcd2a716865fe8acbeb3\" style=\"margin-top:0px;margin-bottom:0px\"><strong>Martina P\u00f6llmann<\/strong><\/h2>\n\n\n\n<p><strong>Beirat<br><\/strong>Konventhospital\/Sehfr\u00fchf\u00f6rderzentrum<br>Seilerst\u00e4tte 2<br>4020 Linz<\/p>\n<\/div>\n\n\n\n<div class=\"wp-block-column is-layout-flow wp-block-column-is-layout-flow\" style=\"padding-right:20px;padding-left:20px;flex-basis:150px\">\n<figure class=\"wp-block-image alignleft size-full is-resized\"><a href=\"http:\/\/www.ffksb.at\/wordpress\/waepae-kountent\/uploads\/2011\/05\/Vorstand.jpg\"><img loading=\"lazy\" decoding=\"async\" width=\"500\" height=\"640\" src=\"http:\/\/www.ffksb.at\/wordpress\/waepae-kountent\/uploads\/2011\/05\/Vorstand.jpg\" alt=\"\" class=\"wp-image-281\" style=\"box-shadow:none;width:150px;height:auto\" srcset=\"http:\/\/www.ffksb.at\/wordpress\/waepae-kountent\/uploads\/2011\/05\/Vorstand.jpg 500w, http:\/\/www.ffksb.at\/wordpress\/waepae-kountent\/uploads\/2011\/05\/Vorstand-234x300.jpg 234w\" sizes=\"auto, (max-width: 500px) 100vw, 500px\" \/><\/a><\/figure>\n<\/div>\n\n\n\n<div class=\"wp-block-column is-layout-flow wp-block-column-is-layout-flow\">\n<h2 class=\"wp-block-heading has-ast-global-color-0-color has-text-color has-link-color has-medium-font-size wp-elements-fa2d59289894ef637510b52e420feb57\" style=\"margin-top:0px;margin-bottom:0px\"><strong>Stefanie Antelmi<\/strong><\/h2>\n\n\n\n<p><strong>Beirat<br><\/strong>Blindenzentrum St. Raphael<br>Schie\u00dfstandweg Nr. 36<br>I-39100 Bozen<\/p>\n<\/div>\n<\/div>\n","protected":false},"excerpt":{"rendered":"<p>Vorstand Angelika G\u00f6schl ObfrauOdilien-Institut GmbhLeonhardstra\u00dfe 1308010 Graz Martina Gruber ObfraustellvertreterinVerein ContrastWittelsbachstra\u00dfe 51020 Wien Michaela Enn\u00f6ckl Schriftf\u00fchrerinVerein ContrastWittelsbachstra\u00dfe 51020 Wien Gottfried [&hellip;]<\/p>\n","protected":false},"author":5,"featured_media":0,"parent":0,"menu_order":0,"comment_status":"closed","ping_status":"closed","template":"","meta":{"site-sidebar-layout":"default","site-content-layout":"","ast-site-content-layout":"default","site-content-style":"default","site-sidebar-style":"default","ast-global-header-display":"","ast-banner-title-visibility":"","ast-main-header-display":"","ast-hfb-above-header-display":"","ast-hfb-below-header-display":"","ast-hfb-mobile-header-display":"","site-post-title":"disabled","ast-breadcrumbs-content":"","ast-featured-img":"","footer-sml-layout":"","theme-transparent-header-meta":"","adv-header-id-meta":"","stick-header-meta":"","header-above-stick-meta":"","header-main-stick-meta":"","header-below-stick-meta":"","astra-migrate-meta-layouts":"default","ast-page-background-enabled":"default","ast-page-background-meta":{"desktop":{"background-color":"var(--ast-global-color-4)","background-image":"","background-repeat":"repeat","background-position":"center center","background-size":"auto","background-attachment":"scroll","background-type":"","background-media":"","overlay-type":"","overlay-color":"","overlay-opacity":"","overlay-gradient":""},"tablet":{"background-color":"","background-image":"","background-repeat":"repeat","background-position":"center center","background-size":"auto","background-attachment":"scroll","background-type":"","background-media":"","overlay-type":"","overlay-color":"","overlay-opacity":"","overlay-gradient":""},"mobile":{"background-color":"","background-image":"","background-repeat":"repeat","background-position":"center center","background-size":"auto","background-attachment":"scroll","background-type":"","background-media":"","overlay-type":"","overlay-color":"","overlay-opacity":"","overlay-gradient":""}},"ast-content-background-meta":{"desktop":{"background-color":"var(--ast-global-color-5)","background-image":"","background-repeat":"repeat","background-position":"center center","background-size":"auto","background-attachment":"scroll","background-type":"","background-media":"","overlay-type":"","overlay-color":"","overlay-opacity":"","overlay-gradient":""},"tablet":{"background-color":"var(--ast-global-color-5)","background-image":"","background-repeat":"repeat","background-position":"center center","background-size":"auto","background-attachment":"scroll","background-type":"","background-media":"","overlay-type":"","overlay-color":"","overlay-opacity":"","overlay-gradient":""},"mobile":{"background-color":"var(--ast-global-color-5)","background-image":"","background-repeat":"repeat","background-position":"center center","background-size":"auto","background-attachment":"scroll","background-type":"","background-media":"","overlay-type":"","overlay-color":"","overlay-opacity":"","overlay-gradient":""}},"footnotes":""},"class_list":["post-65","page","type-page","status-publish","hentry"],"_links":{"self":[{"href":"http:\/\/www.ffksb.at\/wordpress\/wp-json\/wp\/v2\/pages\/65","targetHints":{"allow":["GET"]}}],"collection":[{"href":"http:\/\/www.ffksb.at\/wordpress\/wp-json\/wp\/v2\/pages"}],"about":[{"href":"http:\/\/www.ffksb.at\/wordpress\/wp-json\/wp\/v2\/types\/page"}],"author":[{"embeddable":true,"href":"http:\/\/www.ffksb.at\/wordpress\/wp-json\/wp\/v2\/users\/5"}],"replies":[{"embeddable":true,"href":"http:\/\/www.ffksb.at\/wordpress\/wp-json\/wp\/v2\/comments?post=65"}],"version-history":[{"count":146,"href":"http:\/\/www.ffksb.at\/wordpress\/wp-json\/wp\/v2\/pages\/65\/revisions"}],"predecessor-version":[{"id":952,"href":"http:\/\/www.ffksb.at\/wordpress\/wp-json\/wp\/v2\/pages\/65\/revisions\/952"}],"wp:attachment":[{"href":"http:\/\/www.ffksb.at\/wordpress\/wp-json\/wp\/v2\/media?parent=65"}],"curies":[{"name":"wp","href":"https:\/\/api.w.org\/{rel}","templated":true}]}}