{"id":63,"date":"2011-05-30T13:13:31","date_gmt":"2011-05-30T13:13:31","guid":{"rendered":"http:\/\/www.ffksb.at\/wordpress\/?page_id=63"},"modified":"2024-07-22T13:49:26","modified_gmt":"2024-07-22T13:49:26","slug":"home","status":"publish","type":"page","link":"http:\/\/www.ffksb.at\/wordpress\/","title":{"rendered":"Home"},"content":{"rendered":"<p>&nbsp;<\/p>\n<h1 style=\"text-align: center;\">Herzlich Willkommen<\/h1>\n<p style=\"text-align: center;\"><span style=\"color: #008000;\"><strong>auf der Homepage des Dachverbandes der Fr\u00fchf\u00f6rderInnen<br \/>\nf\u00fcr Kinder<\/strong> <strong>mit Sehbehinderung oder Blindheit <\/strong><\/span><br \/>\n<span style=\"color: #008000;\"> <strong>\u00d6sterreichs!<\/strong><\/span><\/p>\n<p>&nbsp;<\/p>\n<p style=\"text-align: center;\"><img loading=\"lazy\" decoding=\"async\" class=\" wp-image-298 aligncenter\" style=\"border: 1px solid green;\" title=\"willkommensbild\" src=\"http:\/\/www.ffksb.at\/wordpress\/waepae-kountent\/uploads\/2011\/05\/willkommensbild.jpg\" alt=\"\" width=\"439\" height=\"430\" srcset=\"http:\/\/www.ffksb.at\/wordpress\/waepae-kountent\/uploads\/2011\/05\/willkommensbild.jpg 439w, http:\/\/www.ffksb.at\/wordpress\/waepae-kountent\/uploads\/2011\/05\/willkommensbild-300x293.jpg 300w\" sizes=\"auto, (max-width: 439px) 100vw, 439px\" \/><\/p>\n","protected":false},"excerpt":{"rendered":"<p>&nbsp; Herzlich Willkommen auf der Homepage des Dachverbandes der Fr\u00fchf\u00f6rderInnen f\u00fcr Kinder mit Sehbehinderung oder Blindheit \u00d6sterreichs! &nbsp;<\/p>\n","protected":false},"author":5,"featured_media":0,"parent":0,"menu_order":0,"comment_status":"closed","ping_status":"closed","template":"","meta":{"site-sidebar-layout":"default","site-content-layout":"","ast-site-content-layout":"default","site-content-style":"default","site-sidebar-style":"default","ast-global-header-display":"","ast-banner-title-visibility":"","ast-main-header-display":"","ast-hfb-above-header-display":"","ast-hfb-below-header-display":"","ast-hfb-mobile-header-display":"","site-post-title":"disabled","ast-breadcrumbs-content":"","ast-featured-img":"","footer-sml-layout":"","theme-transparent-header-meta":"","adv-header-id-meta":"","stick-header-meta":"","header-above-stick-meta":"","header-main-stick-meta":"","header-below-stick-meta":"","astra-migrate-meta-layouts":"default","ast-page-background-enabled":"default","ast-page-background-meta":{"desktop":{"background-color":"var(--ast-global-color-4)","background-image":"","background-repeat":"repeat","background-position":"center center","background-size":"auto","background-attachment":"scroll","background-type":"","background-media":"","overlay-type":"","overlay-color":"","overlay-opacity":"","overlay-gradient":""},"tablet":{"background-color":"","background-image":"","background-repeat":"repeat","background-position":"center center","background-size":"auto","background-attachment":"scroll","background-type":"","background-media":"","overlay-type":"","overlay-color":"","overlay-opacity":"","overlay-gradient":""},"mobile":{"background-color":"","background-image":"","background-repeat":"repeat","background-position":"center center","background-size":"auto","background-attachment":"scroll","background-type":"","background-media":"","overlay-type":"","overlay-color":"","overlay-opacity":"","overlay-gradient":""}},"ast-content-background-meta":{"desktop":{"background-color":"var(--ast-global-color-5)","background-image":"","background-repeat":"repeat","background-position":"center center","background-size":"auto","background-attachment":"scroll","background-type":"","background-media":"","overlay-type":"","overlay-color":"","overlay-opacity":"","overlay-gradient":""},"tablet":{"background-color":"var(--ast-global-color-5)","background-image":"","background-repeat":"repeat","background-position":"center center","background-size":"auto","background-attachment":"scroll","background-type":"","background-media":"","overlay-type":"","overlay-color":"","overlay-opacity":"","overlay-gradient":""},"mobile":{"background-color":"var(--ast-global-color-5)","background-image":"","background-repeat":"repeat","background-position":"center center","background-size":"auto","background-attachment":"scroll","background-type":"","background-media":"","overlay-type":"","overlay-color":"","overlay-opacity":"","overlay-gradient":""}},"footnotes":""},"class_list":["post-63","page","type-page","status-publish","hentry"],"_links":{"self":[{"href":"http:\/\/www.ffksb.at\/wordpress\/wp-json\/wp\/v2\/pages\/63","targetHints":{"allow":["GET"]}}],"collection":[{"href":"http:\/\/www.ffksb.at\/wordpress\/wp-json\/wp\/v2\/pages"}],"about":[{"href":"http:\/\/www.ffksb.at\/wordpress\/wp-json\/wp\/v2\/types\/page"}],"author":[{"embeddable":true,"href":"http:\/\/www.ffksb.at\/wordpress\/wp-json\/wp\/v2\/users\/5"}],"replies":[{"embeddable":true,"href":"http:\/\/www.ffksb.at\/wordpress\/wp-json\/wp\/v2\/comments?post=63"}],"version-history":[{"count":36,"href":"http:\/\/www.ffksb.at\/wordpress\/wp-json\/wp\/v2\/pages\/63\/revisions"}],"predecessor-version":[{"id":923,"href":"http:\/\/www.ffksb.at\/wordpress\/wp-json\/wp\/v2\/pages\/63\/revisions\/923"}],"wp:attachment":[{"href":"http:\/\/www.ffksb.at\/wordpress\/wp-json\/wp\/v2\/media?parent=63"}],"curies":[{"name":"wp","href":"https:\/\/api.w.org\/{rel}","templated":true}]}}