{"id":113,"date":"2011-08-09T17:33:21","date_gmt":"2011-08-09T17:33:21","guid":{"rendered":"http:\/\/www.ffksb.at\/wordpress\/?page_id=113"},"modified":"2026-02-01T16:21:45","modified_gmt":"2026-02-01T15:21:45","slug":"fachweiterbildung","status":"publish","type":"page","link":"http:\/\/www.ffksb.at\/wordpress\/fachweiterbildung\/","title":{"rendered":"Fachweiterbildung"},"content":{"rendered":"\n<h2 class=\"wp-block-heading has-ast-global-color-0-color has-text-color has-link-color wp-elements-88e6a524a3ab9f18f07ea9f36e872cfd\" style=\"margin-top:50px\">Fachweiterbildung<\/h2>\n\n\n<p>Die 8. \u00f6sterreichische Fachweiterbildung f\u00fcr Fr\u00fchf\u00f6rderInnen von Kindern mit Sehbehinderung oder Blindheit hat im Mai 2025 gestartet.<\/p>\n<p><a href=\"http:\/\/www.ffksb.at\/wordpress\/waepae-kountent\/uploads\/2025\/02\/Infoheft_FWB_8_gesamt.pdf\">Infoheft FWB 8 gesamt<\/a><\/p>\n<p><a href=\"http:\/\/www.ffksb.at\/wordpress\/waepae-kountent\/uploads\/2025\/03\/Modul-1-FWB-8.pdf\">Modul 1<\/a><br \/>Einf\u00fchrung in die Fr\u00fchf\u00f6rderung und die fr\u00fche F\u00f6rderung des Sehens\u00a0 <br \/>Sensibilisierung f\u00fcr Sehbehinderung\u00a0 <br \/>Augenheilkunde I<\/p>\n<p><a href=\"http:\/\/www.ffksb.at\/wordpress\/waepae-kountent\/uploads\/2025\/08\/Modul-2-FWB-8.pdf\">Modul 2<\/a><br \/>Die fr\u00fche F\u00f6rderung des Sehens in der Praxis <br \/>Orientierung &amp; Mobilit\u00e4t<br \/>Lebenspraktische Fertigkeiten<br \/>Biologische Grundlagen des Auges\u00a0<\/p>\n<p><a href=\"http:\/\/www.ffksb.at\/wordpress\/waepae-kountent\/uploads\/2025\/09\/Modul-3-FWB-8.pdf\">Modul 3<\/a><br \/>Das kindliche Sehen und M\u00f6glichkeiten seiner systematischen F\u00f6rderung<br \/>Was sieht das Kind? P\u00e4dagogisch-Funktionelle Low Vision Abkl\u00e4rung in der Fr\u00fchf\u00f6rderung<\/p>\n<p><a href=\"http:\/\/www.ffksb.at\/wordpress\/waepae-kountent\/uploads\/2026\/02\/Modul-4-FWB-8.pdf\">Modul 4<\/a><br \/>Freedom of movement &#8211; Das Leben als Blinder ist eindeutig das gr\u00f6\u00dfte Abenteuer<br \/>Freedom of movement &#8211; in der Fr\u00fchf\u00f6rderung<br \/>Systemische Beratung<\/p>\n<p>&nbsp;<\/p>\n<p><a href=\"http:\/\/www.ffksb.at\/wordpress\/waepae-kountent\/uploads\/2025\/03\/Anmeldeformular-fuer-Module.doc\">Anmeldeformular f\u00fcr Module<\/a><\/p>\n<p><a href=\"http:\/\/www.ffksb.at\/wordpress\/waepae-kountent\/uploads\/2025\/08\/Anmeldeformular-fuer-Module.pdf\">Anmeldeformular f\u00fcr Module<\/a> (pdf)<\/p>\n<p>Ansprechpersonen f\u00fcr Informationen zur 8. Fachweiterbildung sind:<\/p>\n<div>Katharina Feichtner-Bramb\u00f6ck, MSc. (Lehrgangsleitung)<\/div>\n<div>feichtner-bramboeck(at)gmx.at<\/div>\n<div>\u00a0<\/div>\n<div>Martina Gruber (Lehrgangsleitung Stv.)<\/div>\n<div>magru8119(at)gmail.com<\/div>\n<div>\u00a0<\/div>\n<div>Kristina Thurner (Lehrgangsleitung Stv.)<\/div>\n<div>kristina.thurner(at)odilien.at<\/div>\n<div>\u00a0<\/div>\n<div>Mag. FH Katrin Abfalterer (Administration)<\/div>\n<div>katrin.abfalterer(at)gmail.com<\/div>\n<div>\u00a0<\/div>","protected":false},"excerpt":{"rendered":"<p>Fachweiterbildung Die 8. \u00f6sterreichische Fachweiterbildung f\u00fcr Fr\u00fchf\u00f6rderInnen von Kindern mit Sehbehinderung oder Blindheit hat im Mai 2025 gestartet. Infoheft FWB [&hellip;]<\/p>\n","protected":false},"author":5,"featured_media":0,"parent":0,"menu_order":0,"comment_status":"closed","ping_status":"closed","template":"","meta":{"site-sidebar-layout":"default","site-content-layout":"","ast-site-content-layout":"default","site-content-style":"default","site-sidebar-style":"default","ast-global-header-display":"","ast-banner-title-visibility":"","ast-main-header-display":"","ast-hfb-above-header-display":"","ast-hfb-below-header-display":"","ast-hfb-mobile-header-display":"","site-post-title":"disabled","ast-breadcrumbs-content":"","ast-featured-img":"","footer-sml-layout":"","theme-transparent-header-meta":"","adv-header-id-meta":"","stick-header-meta":"","header-above-stick-meta":"","header-main-stick-meta":"","header-below-stick-meta":"","astra-migrate-meta-layouts":"default","ast-page-background-enabled":"default","ast-page-background-meta":{"desktop":{"background-color":"var(--ast-global-color-4)","background-image":"","background-repeat":"repeat","background-position":"center center","background-size":"auto","background-attachment":"scroll","background-type":"","background-media":"","overlay-type":"","overlay-color":"","overlay-opacity":"","overlay-gradient":""},"tablet":{"background-color":"","background-image":"","background-repeat":"repeat","background-position":"center center","background-size":"auto","background-attachment":"scroll","background-type":"","background-media":"","overlay-type":"","overlay-color":"","overlay-opacity":"","overlay-gradient":""},"mobile":{"background-color":"","background-image":"","background-repeat":"repeat","background-position":"center center","background-size":"auto","background-attachment":"scroll","background-type":"","background-media":"","overlay-type":"","overlay-color":"","overlay-opacity":"","overlay-gradient":""}},"ast-content-background-meta":{"desktop":{"background-color":"var(--ast-global-color-5)","background-image":"","background-repeat":"repeat","background-position":"center center","background-size":"auto","background-attachment":"scroll","background-type":"","background-media":"","overlay-type":"","overlay-color":"","overlay-opacity":"","overlay-gradient":""},"tablet":{"background-color":"var(--ast-global-color-5)","background-image":"","background-repeat":"repeat","background-position":"center center","background-size":"auto","background-attachment":"scroll","background-type":"","background-media":"","overlay-type":"","overlay-color":"","overlay-opacity":"","overlay-gradient":""},"mobile":{"background-color":"var(--ast-global-color-5)","background-image":"","background-repeat":"repeat","background-position":"center center","background-size":"auto","background-attachment":"scroll","background-type":"","background-media":"","overlay-type":"","overlay-color":"","overlay-opacity":"","overlay-gradient":""}},"footnotes":""},"class_list":["post-113","page","type-page","status-publish","hentry"],"_links":{"self":[{"href":"http:\/\/www.ffksb.at\/wordpress\/wp-json\/wp\/v2\/pages\/113","targetHints":{"allow":["GET"]}}],"collection":[{"href":"http:\/\/www.ffksb.at\/wordpress\/wp-json\/wp\/v2\/pages"}],"about":[{"href":"http:\/\/www.ffksb.at\/wordpress\/wp-json\/wp\/v2\/types\/page"}],"author":[{"embeddable":true,"href":"http:\/\/www.ffksb.at\/wordpress\/wp-json\/wp\/v2\/users\/5"}],"replies":[{"embeddable":true,"href":"http:\/\/www.ffksb.at\/wordpress\/wp-json\/wp\/v2\/comments?post=113"}],"version-history":[{"count":117,"href":"http:\/\/www.ffksb.at\/wordpress\/wp-json\/wp\/v2\/pages\/113\/revisions"}],"predecessor-version":[{"id":1041,"href":"http:\/\/www.ffksb.at\/wordpress\/wp-json\/wp\/v2\/pages\/113\/revisions\/1041"}],"wp:attachment":[{"href":"http:\/\/www.ffksb.at\/wordpress\/wp-json\/wp\/v2\/media?parent=113"}],"curies":[{"name":"wp","href":"https:\/\/api.w.org\/{rel}","templated":true}]}}