{"id":109,"date":"2011-08-09T17:32:52","date_gmt":"2011-08-09T17:32:52","guid":{"rendered":"http:\/\/www.ffksb.at\/wordpress\/?page_id=109"},"modified":"2024-07-22T13:52:53","modified_gmt":"2024-07-22T13:52:53","slug":"links","status":"publish","type":"page","link":"http:\/\/www.ffksb.at\/wordpress\/links\/","title":{"rendered":"Links"},"content":{"rendered":"\n<h2 class=\"wp-block-heading has-ast-global-color-0-color has-text-color has-link-color wp-elements-36b45fd78d50204661b53094c3ebe4e1\" style=\"margin-top:50px\">Links<\/h2>\n\n\n<p><span style=\"font-size: medium;\">Vom Dachverband empfohlene Fr\u00fchf\u00f6rderstellen f\u00fcr Kinder mit Sehbehinderung oder Blindheit:<\/span><\/p>\n<p><span style=\"font-size: medium;\"><!-- [if gte mso 9]><xml>\n<w:WordDocument>\n<w:View>Normal<\/w:View>\n<w:Zoom>0<\/w:Zoom>\n<w:HyphenationZone>21<\/w:HyphenationZone>\n<w:PunctuationKerning\/>\n<w:ValidateAgainstSchemas\/>\n<w:SaveIfXMLInvalid>false<\/w:SaveIfXMLInvalid>\n<w:IgnoreMixedContent>false<\/w:IgnoreMixedContent>\n<w:AlwaysShowPlaceholderText>false<\/w:AlwaysShowPlaceholderText>\n<w:Compatibility>\n<w:BreakWrappedTables\/>\n<w:SnapToGridInCell\/>\n<w:WrapTextWithPunct\/>\n<w:UseAsianBreakRules\/>\n<w:DontGrowAutofit\/>\n<\/w:Compatibility>\n<w:BrowserLevel>MicrosoftInternetExplorer4<\/w:BrowserLevel>\n<\/w:WordDocument>\n<\/xml><![endif]--><\/span><\/p>\n<p><span style=\"font-size: medium;\"><!-- [if gte mso 9]><xml>\n<w:LatentStyles DefLockedState=\"false\" LatentStyleCount=\"156\">\n<\/w:LatentStyles>\n<\/xml><![endif]--><!-- [if gte mso 10]>\n\n\n\n<style>\n \/* Style Definitions *\/<br \/>\n table.MsoNormalTable<br \/>\n\t{mso-style-name:\"Normale Tabelle\";<br \/>\n\tmso-tstyle-rowband-size:0;<br \/>\n\tmso-tstyle-colband-size:0;<br \/>\n\tmso-style-noshow:yes;<br \/>\n\tmso-style-parent:\"\";<br \/>\n\tmso-padding-alt:0cm 5.4pt 0cm 5.4pt;<br \/>\n\tmso-para-margin:0cm;<br \/>\n\tmso-para-margin-bottom:.0001pt;<br \/>\n\tmso-pagination:widow-orphan;<br \/>\n\tfont-size:10.0pt;<br \/>\n\tfont-family:\"Times New Roman\";<br \/>\n\tmso-ansi-language:#0400;<br \/>\n\tmso-fareast-language:#0400;<br \/>\n\tmso-bidi-language:#0400;}<br \/>\n<\/style>\n\n\n\n<![endif]--><\/span><\/p>\n<p class=\"MsoNormal\"><span style=\"font-size: medium;\">Verein Contrast<br \/>Wittelsbachstra\u00dfe 5<br \/>1020 Wien<br \/>Tel.: 01\/729 45 65<br \/><span lang=\"EN-GB\">office(at)contrast.or.at<br \/><\/span><span style=\"font-family: Arial;\"><a href=\"http:\/\/www.contrast.or.at\/\">www.contrast.or.at<\/a><\/span><\/span><\/p>\n<p class=\"MsoNormal\"><span style=\"font-size: medium;\"><!-- [if gte mso 9]><xml>\n<w:WordDocument>\n<w:View>Normal<\/w:View>\n<w:Zoom>0<\/w:Zoom>\n<w:HyphenationZone>21<\/w:HyphenationZone>\n<w:PunctuationKerning\/>\n<w:ValidateAgainstSchemas\/>\n<w:SaveIfXMLInvalid>false<\/w:SaveIfXMLInvalid>\n<w:IgnoreMixedContent>false<\/w:IgnoreMixedContent>\n<w:AlwaysShowPlaceholderText>false<\/w:AlwaysShowPlaceholderText>\n<w:Compatibility>\n<w:BreakWrappedTables\/>\n<w:SnapToGridInCell\/>\n<w:WrapTextWithPunct\/>\n<w:UseAsianBreakRules\/>\n<w:DontGrowAutofit\/>\n<\/w:Compatibility>\n<w:BrowserLevel>MicrosoftInternetExplorer4<\/w:BrowserLevel>\n<\/w:WordDocument>\n<\/xml><![endif]--><\/span><\/p>\n<p class=\"MsoNormal\"><span style=\"font-size: medium;\"><!-- [if gte mso 9]><xml>\n<w:LatentStyles DefLockedState=\"false\" LatentStyleCount=\"156\">\n<\/w:LatentStyles>\n<\/xml><![endif]--><!-- [if gte mso 10]>\n\n\n\n<style>\n \/* Style Definitions *\/<br \/>\n table.MsoNormalTable<br \/>\n\t{mso-style-name:\"Normale Tabelle\";<br \/>\n\tmso-tstyle-rowband-size:0;<br \/>\n\tmso-tstyle-colband-size:0;<br \/>\n\tmso-style-noshow:yes;<br \/>\n\tmso-style-parent:\"\";<br \/>\n\tmso-padding-alt:0cm 5.4pt 0cm 5.4pt;<br \/>\n\tmso-para-margin:0cm;<br \/>\n\tmso-para-margin-bottom:.0001pt;<br \/>\n\tmso-pagination:widow-orphan;<br \/>\n\tfont-size:10.0pt;<br \/>\n\tfont-family:\"Times New Roman\";<br \/>\n\tmso-ansi-language:#0400;<br \/>\n\tmso-fareast-language:#0400;<br \/>\n\tmso-bidi-language:#0400;}<br \/>\n<\/style>\n\n\n\n<![endif]--><\/span><\/p>\n<p class=\"MsoNormal\"><span style=\"font-size: medium;\">Odilien-Institut Gmbh<br \/>Leonhardstr. 130<br \/>8010 Graz<br \/>Tel:\u00a0 0316\/32 26 67; \u00a00664\/2642191<br \/><span lang=\"IT\">fruehfoerderung(at)odilien.at<br \/><\/span><span style=\"font-family: Arial;\"><a href=\"http:\/\/www.odilien.at\/\">www.odilien.at<\/a><\/span><\/span><\/p>\n<p class=\"MsoNormal\"><span style=\"font-size: medium;\"><!-- [if gte mso 9]><xml>\n<w:WordDocument>\n<w:View>Normal<\/w:View>\n<w:Zoom>0<\/w:Zoom>\n<w:HyphenationZone>21<\/w:HyphenationZone>\n<w:PunctuationKerning\/>\n<w:ValidateAgainstSchemas\/>\n<w:SaveIfXMLInvalid>false<\/w:SaveIfXMLInvalid>\n<w:IgnoreMixedContent>false<\/w:IgnoreMixedContent>\n<w:AlwaysShowPlaceholderText>false<\/w:AlwaysShowPlaceholderText>\n<w:Compatibility>\n<w:BreakWrappedTables\/>\n<w:SnapToGridInCell\/>\n<w:WrapTextWithPunct\/>\n<w:UseAsianBreakRules\/>\n<w:DontGrowAutofit\/>\n<\/w:Compatibility>\n<w:BrowserLevel>MicrosoftInternetExplorer4<\/w:BrowserLevel>\n<\/w:WordDocument>\n<\/xml><![endif]--><\/span><\/p>\n<p class=\"MsoNormal\"><span style=\"font-size: medium;\"><!-- [if gte mso 9]><xml>\n<w:LatentStyles DefLockedState=\"false\" LatentStyleCount=\"156\">\n<\/w:LatentStyles>\n<\/xml><![endif]--><!-- [if gte mso 10]>\n\n\n\n<style>\n \/* Style Definitions *\/<br \/>\n table.MsoNormalTable<br \/>\n\t{mso-style-name:\"Normale Tabelle\";<br \/>\n\tmso-tstyle-rowband-size:0;<br \/>\n\tmso-tstyle-colband-size:0;<br \/>\n\tmso-style-noshow:yes;<br \/>\n\tmso-style-parent:\"\";<br \/>\n\tmso-padding-alt:0cm 5.4pt 0cm 5.4pt;<br \/>\n\tmso-para-margin:0cm;<br \/>\n\tmso-para-margin-bottom:.0001pt;<br \/>\n\tmso-pagination:widow-orphan;<br \/>\n\tfont-size:10.0pt;<br \/>\n\tfont-family:\"Times New Roman\";<br \/>\n\tmso-ansi-language:#0400;<br \/>\n\tmso-fareast-language:#0400;<br \/>\n\tmso-bidi-language:#0400;}<br \/>\n<\/style>\n\n\n\n<![endif]-->Verein Vision<br \/>Augasse 132<\/span><br \/><span style=\"font-size: medium;\"> 8051 Graz<\/span><br \/><span style=\"font-size: medium;\"> Tel.: 0316 \/ 38 86 30<br \/><span lang=\"EN-GB\">office(at)verein-vision.at<\/span><\/span><br \/><span style=\"font-size: medium; font-family: Arial;\"> <a href=\"http:\/\/www.verein-vision.at\/\"><span lang=\"EN-GB\">www.verein-vision.at<\/span><\/a><\/span><\/p>\n<p><span style=\"font-size: medium;\"><!-- [if gte mso 9]><xml>\n<w:WordDocument>\n<w:View>Normal<\/w:View>\n<w:Zoom>0<\/w:Zoom>\n<w:HyphenationZone>21<\/w:HyphenationZone>\n<w:PunctuationKerning\/>\n<w:ValidateAgainstSchemas\/>\n<w:SaveIfXMLInvalid>false<\/w:SaveIfXMLInvalid>\n<w:IgnoreMixedContent>false<\/w:IgnoreMixedContent>\n<w:AlwaysShowPlaceholderText>false<\/w:AlwaysShowPlaceholderText>\n<w:Compatibility>\n<w:BreakWrappedTables\/>\n<w:SnapToGridInCell\/>\n<w:WrapTextWithPunct\/>\n<w:UseAsianBreakRules\/>\n<w:DontGrowAutofit\/>\n<\/w:Compatibility>\n<w:BrowserLevel>MicrosoftInternetExplorer4<\/w:BrowserLevel>\n<\/w:WordDocument>\n<\/xml><![endif]--><\/span><\/p>\n<p><span style=\"font-size: medium;\"><!-- [if gte mso 9]><xml>\n<w:LatentStyles DefLockedState=\"false\" LatentStyleCount=\"156\">\n<\/w:LatentStyles>\n<\/xml><![endif]--><!-- [if gte mso 10]>\n\n\n\n<style>\n \/* Style Definitions *\/<br \/>\n table.MsoNormalTable<br \/>\n\t{mso-style-name:\"Normale Tabelle\";<br \/>\n\tmso-tstyle-rowband-size:0;<br \/>\n\tmso-tstyle-colband-size:0;<br \/>\n\tmso-style-noshow:yes;<br \/>\n\tmso-style-parent:\"\";<br \/>\n\tmso-padding-alt:0cm 5.4pt 0cm 5.4pt;<br \/>\n\tmso-para-margin:0cm;<br \/>\n\tmso-para-margin-bottom:.0001pt;<br \/>\n\tmso-pagination:widow-orphan;<br \/>\n\tfont-size:10.0pt;<br \/>\n\tfont-family:\"Times New Roman\";<br \/>\n\tmso-ansi-language:#0400;<br \/>\n\tmso-fareast-language:#0400;<br \/>\n\tmso-bidi-language:#0400;}<br \/>\n<\/style>\n\n\n\n<![endif]--><span lang=\"FR\" style=\"font-family: Arial;\">Elterninitiative La Vida<\/span><span style=\"font-family: Arial;\"><br \/>Lazarettg\u00fcrtel 54\/P\/4<br \/>8020 Graz<br \/>Tel: 0316\/46 82 224<br \/>la_vida(at)A1.net<br \/><a href=\"http:\/\/www.lavida.at\/\">www.lavida.at<\/a> <\/span><\/span><\/p>\n<p><span style=\"font-size: medium;\"><!-- [if gte mso 9]><xml>\n<w:WordDocument>\n<w:View>Normal<\/w:View>\n<w:Zoom>0<\/w:Zoom>\n<w:HyphenationZone>21<\/w:HyphenationZone>\n<w:PunctuationKerning\/>\n<w:ValidateAgainstSchemas\/>\n<w:SaveIfXMLInvalid>false<\/w:SaveIfXMLInvalid>\n<w:IgnoreMixedContent>false<\/w:IgnoreMixedContent>\n<w:AlwaysShowPlaceholderText>false<\/w:AlwaysShowPlaceholderText>\n<w:Compatibility>\n<w:BreakWrappedTables\/>\n<w:SnapToGridInCell\/>\n<w:WrapTextWithPunct\/>\n<w:UseAsianBreakRules\/>\n<w:DontGrowAutofit\/>\n<\/w:Compatibility>\n<w:BrowserLevel>MicrosoftInternetExplorer4<\/w:BrowserLevel>\n<\/w:WordDocument>\n<\/xml><![endif]--><\/span><\/p>\n<p><span style=\"font-size: medium;\"><!-- [if gte mso 9]><xml>\n<w:LatentStyles DefLockedState=\"false\" LatentStyleCount=\"156\">\n<\/w:LatentStyles>\n<\/xml><![endif]--><!-- [if gte mso 10]>\n\n\n\n<style>\n \/* Style Definitions *\/<br \/>\n table.MsoNormalTable<br \/>\n\t{mso-style-name:\"Normale Tabelle\";<br \/>\n\tmso-tstyle-rowband-size:0;<br \/>\n\tmso-tstyle-colband-size:0;<br \/>\n\tmso-style-noshow:yes;<br \/>\n\tmso-style-parent:\"\";<br \/>\n\tmso-padding-alt:0cm 5.4pt 0cm 5.4pt;<br \/>\n\tmso-para-margin:0cm;<br \/>\n\tmso-para-margin-bottom:.0001pt;<br \/>\n\tmso-pagination:widow-orphan;<br \/>\n\tfont-size:10.0pt;<br \/>\n\tfont-family:\"Times New Roman\";<br \/>\n\tmso-ansi-language:#0400;<br \/>\n\tmso-fareast-language:#0400;<br \/>\n\tmso-bidi-language:#0400;}<br \/>\n<\/style>\n\n\n\n<![endif]--><\/span><\/p>\n<p class=\"MsoNormal\"><span style=\"font-size: medium;\">Blinden- und Sehbehinderten-Verband Tirol<br \/>Amraserstr. 87<br \/>6023 Innsbruck<br \/><span lang=\"EN-GB\">Tel: 0512\/33 4 22 &#8211; 23<br \/><\/span><span lang=\"EN-GB\">fruehfoerderung(at)bsvt.at<\/span><\/span><br \/><span lang=\"EN-GB\" style=\"font-size: medium; font-family: Arial;\"> <a href=\"http:\/\/www.tbsv.org\/\">www.tbsv.org<\/a> <\/span><\/p>\n<p class=\"MsoNormal\"><span style=\"font-size: medium;\"><!-- [if gte mso 9]><xml>\n<w:WordDocument>\n<w:View>Normal<\/w:View>\n<w:Zoom>0<\/w:Zoom>\n<w:HyphenationZone>21<\/w:HyphenationZone>\n<w:PunctuationKerning\/>\n<w:ValidateAgainstSchemas\/>\n<w:SaveIfXMLInvalid>false<\/w:SaveIfXMLInvalid>\n<w:IgnoreMixedContent>false<\/w:IgnoreMixedContent>\n<w:AlwaysShowPlaceholderText>false<\/w:AlwaysShowPlaceholderText>\n<w:Compatibility>\n<w:BreakWrappedTables\/>\n<w:SnapToGridInCell\/>\n<w:WrapTextWithPunct\/>\n<w:UseAsianBreakRules\/>\n<w:DontGrowAutofit\/>\n<\/w:Compatibility>\n<w:BrowserLevel>MicrosoftInternetExplorer4<\/w:BrowserLevel>\n<\/w:WordDocument>\n<\/xml><![endif]--><\/span><\/p>\n<p class=\"MsoNormal\"><span style=\"font-size: medium;\"><!-- [if gte mso 9]><xml>\n<w:LatentStyles DefLockedState=\"false\" LatentStyleCount=\"156\">\n<\/w:LatentStyles>\n<\/xml><![endif]--><!-- [if gte mso 10]>\n\n\n\n<style>\n \/* Style Definitions *\/<br \/>\n table.MsoNormalTable<br \/>\n\t{mso-style-name:\"Normale Tabelle\";<br \/>\n\tmso-tstyle-rowband-size:0;<br \/>\n\tmso-tstyle-colband-size:0;<br \/>\n\tmso-style-noshow:yes;<br \/>\n\tmso-style-parent:\"\";<br \/>\n\tmso-padding-alt:0cm 5.4pt 0cm 5.4pt;<br \/>\n\tmso-para-margin:0cm;<br \/>\n\tmso-para-margin-bottom:.0001pt;<br \/>\n\tmso-pagination:widow-orphan;<br \/>\n\tfont-size:10.0pt;<br \/>\n\tfont-family:\"Times New Roman\";<br \/>\n\tmso-ansi-language:#0400;<br \/>\n\tmso-fareast-language:#0400;<br \/>\n\tmso-bidi-language:#0400;}<br \/>\n<\/style>\n\n\n\n<![endif]--><\/span><\/p>\n<p class=\"MsoNormal\"><span style=\"font-size: medium;\">AVS \u2013 Ambulante ErziehungsHilfe (AEH)<br \/>Fischlstra\u00dfe 40<br \/>9024 Klagenfurt<br \/>Tel: 0664\/ 83 27 978<br \/>r.spoeck(at)avs-sozial.at<\/span><br \/><span style=\"font-size: medium; font-family: Arial;\"> <a href=\"http:\/\/www.avs-sozial.at\/\">www.avs-sozial.at<\/a><\/span><\/p>\n<p class=\"MsoNormal\"><span style=\"font-size: medium;\"><!-- [if gte mso 9]><xml>\n<w:WordDocument>\n<w:View>Normal<\/w:View>\n<w:Zoom>0<\/w:Zoom>\n<w:HyphenationZone>21<\/w:HyphenationZone>\n<w:PunctuationKerning\/>\n<w:ValidateAgainstSchemas\/>\n<w:SaveIfXMLInvalid>false<\/w:SaveIfXMLInvalid>\n<w:IgnoreMixedContent>false<\/w:IgnoreMixedContent>\n<w:AlwaysShowPlaceholderText>false<\/w:AlwaysShowPlaceholderText>\n<w:Compatibility>\n<w:BreakWrappedTables\/>\n<w:SnapToGridInCell\/>\n<w:WrapTextWithPunct\/>\n<w:UseAsianBreakRules\/>\n<w:DontGrowAutofit\/>\n<\/w:Compatibility>\n<w:BrowserLevel>MicrosoftInternetExplorer4<\/w:BrowserLevel>\n<\/w:WordDocument>\n<\/xml><![endif]--><\/span><\/p>\n<p class=\"MsoNormal\"><span style=\"font-size: medium;\"><!-- [if gte mso 9]><xml>\n<w:LatentStyles DefLockedState=\"false\" LatentStyleCount=\"156\">\n<\/w:LatentStyles>\n<\/xml><![endif]--><!-- [if gte mso 10]>\n\n\n\n<style>\n \/* Style Definitions *\/<br \/>\n table.MsoNormalTable<br \/>\n\t{mso-style-name:\"Normale Tabelle\";<br \/>\n\tmso-tstyle-rowband-size:0;<br \/>\n\tmso-tstyle-colband-size:0;<br \/>\n\tmso-style-noshow:yes;<br \/>\n\tmso-style-parent:\"\";<br \/>\n\tmso-padding-alt:0cm 5.4pt 0cm 5.4pt;<br \/>\n\tmso-para-margin:0cm;<br \/>\n\tmso-para-margin-bottom:.0001pt;<br \/>\n\tmso-pagination:widow-orphan;<br \/>\n\tfont-size:10.0pt;<br \/>\n\tfont-family:\"Times New Roman\";<br \/>\n\tmso-ansi-language:#0400;<br \/>\n\tmso-fareast-language:#0400;<br \/>\n\tmso-bidi-language:#0400;}<br \/>\n<\/style>\n\n\n\n<![endif]--><\/span><\/p>\n<p class=\"MsoNormal\"><span style=\"font-size: medium;\">Konventhospital\/Sehfr\u00fchf\u00f6rderzentrum<br \/>Rudigierstra\u00dfe<br \/>4020 Linz<br \/><span lang=\"EN-GB\">Tel:\u00a0 0732\/7897-21381<br \/><\/span><span lang=\"EN-GB\">sehschule(at)bblinz.at<\/span><\/span><br \/><span style=\"font-size: medium; font-family: Arial;\"> <a href=\"http:\/\/www.bblinz.at\/\">www.bblinz.at\/<\/a><\/span><\/p>\n<p class=\"MsoNormal\"><span style=\"font-size: medium;\"><!-- [if gte mso 9]><xml>\n<w:WordDocument>\n<w:View>Normal<\/w:View>\n<w:Zoom>0<\/w:Zoom>\n<w:HyphenationZone>21<\/w:HyphenationZone>\n<w:PunctuationKerning\/>\n<w:ValidateAgainstSchemas\/>\n<w:SaveIfXMLInvalid>false<\/w:SaveIfXMLInvalid>\n<w:IgnoreMixedContent>false<\/w:IgnoreMixedContent>\n<w:AlwaysShowPlaceholderText>false<\/w:AlwaysShowPlaceholderText>\n<w:Compatibility>\n<w:BreakWrappedTables\/>\n<w:SnapToGridInCell\/>\n<w:WrapTextWithPunct\/>\n<w:UseAsianBreakRules\/>\n<w:DontGrowAutofit\/>\n<\/w:Compatibility>\n<w:BrowserLevel>MicrosoftInternetExplorer4<\/w:BrowserLevel>\n<\/w:WordDocument>\n<\/xml><![endif]--><\/span><\/p>\n<p class=\"MsoNormal\"><span style=\"font-size: medium;\"><!-- [if gte mso 9]><xml>\n<w:LatentStyles DefLockedState=\"false\" LatentStyleCount=\"156\">\n<\/w:LatentStyles>\n<\/xml><![endif]--><!-- [if gte mso 10]>\n\n\n\n<style>\n \/* Style Definitions *\/<br \/>\n table.MsoNormalTable<br \/>\n\t{mso-style-name:\"Normale Tabelle\";<br \/>\n\tmso-tstyle-rowband-size:0;<br \/>\n\tmso-tstyle-colband-size:0;<br \/>\n\tmso-style-noshow:yes;<br \/>\n\tmso-style-parent:\"\";<br \/>\n\tmso-padding-alt:0cm 5.4pt 0cm 5.4pt;<br \/>\n\tmso-para-margin:0cm;<br \/>\n\tmso-para-margin-bottom:.0001pt;<br \/>\n\tmso-pagination:widow-orphan;<br \/>\n\tfont-size:10.0pt;<br \/>\n\tfont-family:\"Times New Roman\";<br \/>\n\tmso-ansi-language:#0400;<br \/>\n\tmso-fareast-language:#0400;<br \/>\n\tmso-bidi-language:#0400;}<br \/>\n<\/style>\n\n\n\n<![endif]--><\/span><\/p>\n<p class=\"MsoNormal\"><span style=\"font-size: medium;\"><span lang=\"EN-GB\">Landeszentrum f\u00fcr H\u00f6r- und Sehbildung<br \/>F<\/span><span lang=\"EN-GB\">r\u00fchf\u00f6rderung Sinne<br \/>Gailenbachweg 3<br \/><\/span><span lang=\"EN-GB\">5020 Salzburg<br \/>Tel: 0662\/43 11 47-35; 0676 84 04 95 \u2013 300<br \/><\/span><span lang=\"EN-GB\"><span style=\"text-decoration: none;\">ff-sinne(at)lzhs.salzburg.at<\/span><\/span><\/span><br \/><span lang=\"EN-GB\" style=\"font-size: medium; font-family: Arial;\"> <a href=\"http:\/\/www.lzhs.salzburg.at\/\"><span style=\"text-decoration: none;\">www.lzhs.salzburg.at<\/span><\/a><\/span><\/p>\n<p class=\"MsoNormal\"><span style=\"font-size: medium;\"><!-- [if gte mso 9]><xml>\n<w:WordDocument>\n<w:View>Normal<\/w:View>\n<w:Zoom>0<\/w:Zoom>\n<w:HyphenationZone>21<\/w:HyphenationZone>\n<w:PunctuationKerning\/>\n<w:ValidateAgainstSchemas\/>\n<w:SaveIfXMLInvalid>false<\/w:SaveIfXMLInvalid>\n<w:IgnoreMixedContent>false<\/w:IgnoreMixedContent>\n<w:AlwaysShowPlaceholderText>false<\/w:AlwaysShowPlaceholderText>\n<w:Compatibility>\n<w:BreakWrappedTables\/>\n<w:SnapToGridInCell\/>\n<w:WrapTextWithPunct\/>\n<w:UseAsianBreakRules\/>\n<w:DontGrowAutofit\/>\n<\/w:Compatibility>\n<w:BrowserLevel>MicrosoftInternetExplorer4<\/w:BrowserLevel>\n<\/w:WordDocument>\n<\/xml><![endif]--><\/span><\/p>\n<p class=\"MsoNormal\"><span style=\"font-size: medium;\"><!-- [if gte mso 9]><xml>\n<w:LatentStyles DefLockedState=\"false\" LatentStyleCount=\"156\">\n<\/w:LatentStyles>\n<\/xml><![endif]--><!-- [if gte mso 10]>\n\n\n\n<style>\n \/* Style Definitions *\/<br \/>\n table.MsoNormalTable<br \/>\n\t{mso-style-name:\"Normale Tabelle\";<br \/>\n\tmso-tstyle-rowband-size:0;<br \/>\n\tmso-tstyle-colband-size:0;<br \/>\n\tmso-style-noshow:yes;<br \/>\n\tmso-style-parent:\"\";<br \/>\n\tmso-padding-alt:0cm 5.4pt 0cm 5.4pt;<br \/>\n\tmso-para-margin:0cm;<br \/>\n\tmso-para-margin-bottom:.0001pt;<br \/>\n\tmso-pagination:widow-orphan;<br \/>\n\tfont-size:10.0pt;<br \/>\n\tfont-family:\"Times New Roman\";<br \/>\n\tmso-ansi-language:#0400;<br \/>\n\tmso-fareast-language:#0400;<br \/>\n\tmso-bidi-language:#0400;}<br \/>\n<\/style>\n\n\n\n<![endif]--><\/span><\/p>\n<p class=\"MsoNormal\"><span style=\"font-size: medium;\"><!-- [if gte mso 9]><xml>\n<w:WordDocument>\n<w:View>Normal<\/w:View>\n<w:Zoom>0<\/w:Zoom>\n<w:HyphenationZone>21<\/w:HyphenationZone>\n<w:PunctuationKerning\/>\n<w:ValidateAgainstSchemas\/>\n<w:SaveIfXMLInvalid>false<\/w:SaveIfXMLInvalid>\n<w:IgnoreMixedContent>false<\/w:IgnoreMixedContent>\n<w:AlwaysShowPlaceholderText>false<\/w:AlwaysShowPlaceholderText>\n<w:Compatibility>\n<w:BreakWrappedTables\/>\n<w:SnapToGridInCell\/>\n<w:WrapTextWithPunct\/>\n<w:UseAsianBreakRules\/>\n<w:DontGrowAutofit\/>\n<\/w:Compatibility>\n<w:BrowserLevel>MicrosoftInternetExplorer4<\/w:BrowserLevel>\n<\/w:WordDocument>\n<\/xml><![endif]--><\/span><\/p>\n<p class=\"MsoNormal\"><span style=\"font-size: medium;\"><!-- [if gte mso 9]><xml>\n<w:LatentStyles DefLockedState=\"false\" LatentStyleCount=\"156\">\n<\/w:LatentStyles>\n<\/xml><![endif]--><!-- [if gte mso 10]>\n\n\n\n<style>\n \/* Style Definitions *\/<br \/>\n table.MsoNormalTable<br \/>\n\t{mso-style-name:\"Normale Tabelle\";<br \/>\n\tmso-tstyle-rowband-size:0;<br \/>\n\tmso-tstyle-colband-size:0;<br \/>\n\tmso-style-noshow:yes;<br \/>\n\tmso-style-parent:\"\";<br \/>\n\tmso-padding-alt:0cm 5.4pt 0cm 5.4pt;<br \/>\n\tmso-para-margin:0cm;<br \/>\n\tmso-para-margin-bottom:.0001pt;<br \/>\n\tmso-pagination:widow-orphan;<br \/>\n\tfont-size:10.0pt;<br \/>\n\tfont-family:\"Times New Roman\";<br \/>\n\tmso-ansi-language:#0400;<br \/>\n\tmso-fareast-language:#0400;<br \/>\n\tmso-bidi-language:#0400;}<br \/>\n<\/style>\n\n\n\n<![endif]--><\/span><\/p>\n<p class=\"MsoNormal\"><span style=\"font-size: medium;\">\u00d6sterreichisches Hilfswerk f\u00fcr Taubblinde und hochgradig H\u00f6r- und Sehbehinderte<br \/>Stumpergasse 41-43\/1\/2<\/span><br \/><span style=\"font-size: medium;\"> 1060 Wien<br \/>Tel. 01\/597 18 43<span lang=\"FR\"><br \/>a.mayr(at)zentrale.oehtb.at<br \/><\/span><span lang=\"FR\" style=\"font-family: Arial;\"><a href=\"http:\/\/www.oehtb.at\/\">www.oehtb.at\/<\/a> <\/span><\/span><\/p>\n<p class=\"MsoNormal\"><span style=\"font-size: medium;\"><!-- [if gte mso 9]><xml>\n<w:WordDocument>\n<w:View>Normal<\/w:View>\n<w:Zoom>0<\/w:Zoom>\n<w:HyphenationZone>21<\/w:HyphenationZone>\n<w:PunctuationKerning\/>\n<w:ValidateAgainstSchemas\/>\n<w:SaveIfXMLInvalid>false<\/w:SaveIfXMLInvalid>\n<w:IgnoreMixedContent>false<\/w:IgnoreMixedContent>\n<w:AlwaysShowPlaceholderText>false<\/w:AlwaysShowPlaceholderText>\n<w:Compatibility>\n<w:BreakWrappedTables\/>\n<w:SnapToGridInCell\/>\n<w:WrapTextWithPunct\/>\n<w:UseAsianBreakRules\/>\n<w:DontGrowAutofit\/>\n<\/w:Compatibility>\n<w:BrowserLevel>MicrosoftInternetExplorer4<\/w:BrowserLevel>\n<\/w:WordDocument>\n<\/xml><![endif]--><\/span><\/p>\n<p class=\"MsoNormal\"><span style=\"font-size: medium;\"><!-- [if gte mso 9]><xml>\n<w:LatentStyles DefLockedState=\"false\" LatentStyleCount=\"156\">\n<\/w:LatentStyles>\n<\/xml><![endif]--><!-- [if gte mso 10]>\n\n\n\n<style>\n \/* Style Definitions *\/<br \/>\n table.MsoNormalTable<br \/>\n\t{mso-style-name:\"Normale Tabelle\";<br \/>\n\tmso-tstyle-rowband-size:0;<br \/>\n\tmso-tstyle-colband-size:0;<br \/>\n\tmso-style-noshow:yes;<br \/>\n\tmso-style-parent:\"\";<br \/>\n\tmso-padding-alt:0cm 5.4pt 0cm 5.4pt;<br \/>\n\tmso-para-margin:0cm;<br \/>\n\tmso-para-margin-bottom:.0001pt;<br \/>\n\tmso-pagination:widow-orphan;<br \/>\n\tfont-size:10.0pt;<br \/>\n\tfont-family:\"Times New Roman\";<br \/>\n\tmso-ansi-language:#0400;<br \/>\n\tmso-fareast-language:#0400;<br \/>\n\tmso-bidi-language:#0400;}<br \/>\n<\/style>\n\n\n\n<![endif]--><\/span><\/p>\n<p class=\"MsoNormal\"><span style=\"font-size: medium;\">Blindenzentrum St. Raphael<br \/>Schie\u00dfstandweg Nr. 36<br \/>I-39100 Bozen<br \/>Tel: 0471 &#8211; 442 340 oder 442 341<br \/>ff(at)blindenzentrum.bz.it<br \/><span style=\"font-family: Arial;\"><a href=\"http:\/\/www.blindenzentrum.bz.it\/\">www.blindenzentrum.bz.it<\/a><\/span><\/span><\/p>","protected":false},"excerpt":{"rendered":"<p>Links Vom Dachverband empfohlene Fr\u00fchf\u00f6rderstellen f\u00fcr Kinder mit Sehbehinderung oder Blindheit: Verein ContrastWittelsbachstra\u00dfe 51020 WienTel.: 01\/729 45 65office(at)contrast.or.atwww.contrast.or.at Odilien-Institut GmbhLeonhardstr. [&hellip;]<\/p>\n","protected":false},"author":5,"featured_media":0,"parent":0,"menu_order":0,"comment_status":"closed","ping_status":"closed","template":"","meta":{"site-sidebar-layout":"default","site-content-layout":"","ast-site-content-layout":"default","site-content-style":"default","site-sidebar-style":"default","ast-global-header-display":"","ast-banner-title-visibility":"","ast-main-header-display":"","ast-hfb-above-header-display":"","ast-hfb-below-header-display":"","ast-hfb-mobile-header-display":"","site-post-title":"disabled","ast-breadcrumbs-content":"","ast-featured-img":"","footer-sml-layout":"","theme-transparent-header-meta":"","adv-header-id-meta":"","stick-header-meta":"","header-above-stick-meta":"","header-main-stick-meta":"","header-below-stick-meta":"","astra-migrate-meta-layouts":"default","ast-page-background-enabled":"default","ast-page-background-meta":{"desktop":{"background-color":"var(--ast-global-color-4)","background-image":"","background-repeat":"repeat","background-position":"center center","background-size":"auto","background-attachment":"scroll","background-type":"","background-media":"","overlay-type":"","overlay-color":"","overlay-opacity":"","overlay-gradient":""},"tablet":{"background-color":"","background-image":"","background-repeat":"repeat","background-position":"center center","background-size":"auto","background-attachment":"scroll","background-type":"","background-media":"","overlay-type":"","overlay-color":"","overlay-opacity":"","overlay-gradient":""},"mobile":{"background-color":"","background-image":"","background-repeat":"repeat","background-position":"center center","background-size":"auto","background-attachment":"scroll","background-type":"","background-media":"","overlay-type":"","overlay-color":"","overlay-opacity":"","overlay-gradient":""}},"ast-content-background-meta":{"desktop":{"background-color":"var(--ast-global-color-5)","background-image":"","background-repeat":"repeat","background-position":"center center","background-size":"auto","background-attachment":"scroll","background-type":"","background-media":"","overlay-type":"","overlay-color":"","overlay-opacity":"","overlay-gradient":""},"tablet":{"background-color":"var(--ast-global-color-5)","background-image":"","background-repeat":"repeat","background-position":"center center","background-size":"auto","background-attachment":"scroll","background-type":"","background-media":"","overlay-type":"","overlay-color":"","overlay-opacity":"","overlay-gradient":""},"mobile":{"background-color":"var(--ast-global-color-5)","background-image":"","background-repeat":"repeat","background-position":"center center","background-size":"auto","background-attachment":"scroll","background-type":"","background-media":"","overlay-type":"","overlay-color":"","overlay-opacity":"","overlay-gradient":""}},"footnotes":""},"class_list":["post-109","page","type-page","status-publish","hentry"],"_links":{"self":[{"href":"http:\/\/www.ffksb.at\/wordpress\/wp-json\/wp\/v2\/pages\/109","targetHints":{"allow":["GET"]}}],"collection":[{"href":"http:\/\/www.ffksb.at\/wordpress\/wp-json\/wp\/v2\/pages"}],"about":[{"href":"http:\/\/www.ffksb.at\/wordpress\/wp-json\/wp\/v2\/types\/page"}],"author":[{"embeddable":true,"href":"http:\/\/www.ffksb.at\/wordpress\/wp-json\/wp\/v2\/users\/5"}],"replies":[{"embeddable":true,"href":"http:\/\/www.ffksb.at\/wordpress\/wp-json\/wp\/v2\/comments?post=109"}],"version-history":[{"count":26,"href":"http:\/\/www.ffksb.at\/wordpress\/wp-json\/wp\/v2\/pages\/109\/revisions"}],"predecessor-version":[{"id":927,"href":"http:\/\/www.ffksb.at\/wordpress\/wp-json\/wp\/v2\/pages\/109\/revisions\/927"}],"wp:attachment":[{"href":"http:\/\/www.ffksb.at\/wordpress\/wp-json\/wp\/v2\/media?parent=109"}],"curies":[{"name":"wp","href":"https:\/\/api.w.org\/{rel}","templated":true}]}}